{"id":115,"date":"2022-08-11T19:04:39","date_gmt":"2022-08-11T19:04:39","guid":{"rendered":"https:\/\/codevz.com\/sevenmag\/?page_id=115"},"modified":"2022-08-11T19:04:39","modified_gmt":"2022-08-11T19:04:39","slug":"template-news-ticker","status":"publish","type":"page","link":"https:\/\/knoozfm.net\/ar\/template-news-ticker\/","title":{"rendered":"Template &#8211; News Ticker"},"content":{"rendered":"<div class=\"wpb-content-wrapper\"><div class=\"vc_row wpb_row vc_row-fluid\"><div class=\"wpb_column vc_column_container vc_col-sm-12\"><div class=\"vc_column-inner\"><div class=\"wpb_wrapper\"><div id=\"cz_85258\" class=\"cz_85258 relative clr\"><div class=\"cz_ticker arrows_tr arrows_inner sevenmag-newsticker\" data-slick='{\"slidesToShow\":1,\"slidesToScroll\":1,\"fade\":false,\"vertical\":false,\"infinite\":true,\"speed\":1000,\"autoplay\":true,\"autoplaySpeed\":\"3000\",\"dots\":false}' data-slick-prev=\"fa fa-angle-left\" data-slick-next=\"fa fa-angle-right\"><div class=\"cz_news_ticker_post\"><a href=\"https:\/\/knoozfm.net\/ar\/reduction-de-10-sur-toutes-les-fournitures-scolaires\/\">\u062a\u062e\u0641\u064a\u0636 10% \u0639\u0644\u0649 \u062c\u0645\u064a\u0639 \u0627\u0644\u0623\u062f\u0648\u0627\u062a \u0627\u0644\u0645\u062f\u0631\u0633\u064a\u0629<\/a> <small>2023\/08\/30<\/small><\/div><div class=\"cz_news_ticker_post\"><a href=\"https:\/\/knoozfm.net\/ar\/mancini-selectionneur-de-larabie-saoudite\/\">\u0631\u0648\u0628\u0631\u062a\u0648 \u0645\u0627\u0646\u0634\u064a\u0646\u064a \u0645\u062f\u0631\u0628\u0651\u0627 \u0644\u0644\u0645\u0646\u062a\u062e\u0628 \u0627\u0644\u0633\u0639\u0648\u062f\u064a \u0644\u0643\u0631\u0629 \u0627\u0644\u0642\u062f\u0645<\/a> <small>2023\/08\/29<\/small><\/div><div class=\"cz_news_ticker_post\"><a href=\"https:\/\/knoozfm.net\/ar\/lintelligence-artificielle-prendra-le-controle-de-lhumanite-2\/\">\u0627\u0644\u0630\u0643\u0627\u0621 \u0627\u0644\u0627\u0635\u0637\u0646\u0627\u0639\u064a \u0633\u064a\u0647\u064a\u0645\u0646 \u0639\u0644\u0649 \u0627\u0644\u0628\u0634\u0631\u064a\u0629!<\/a> <small>2023\/07\/13<\/small><\/div><div class=\"cz_news_ticker_post\"><a href=\"https:\/\/knoozfm.net\/ar\/tremblement-de-terre-au-caire\/\">\u0627\u0633\u062a\u0642\u0628\u0644 \u0631\u0626\u064a\u0633 \u0627\u0644\u062c\u0645\u0647\u0648\u0631\u064a\u0629 \u0642\u064a\u0633 \u0633\u0639\u064a\u0651\u062f \u0631\u0626\u064a\u0633 \u0627\u0644\u0645\u062c\u0644\u0633 \u0627\u0644\u0623\u0639\u0644\u0649 \u0627\u0644\u0645\u0624\u0642\u062a \u0644\u0644\u0642\u0636\u0627\u0621.<\/a> <small>2023\/05\/24<\/small><\/div><\/div><\/div><\/div><\/div><\/div><\/div>\n<\/div>","protected":false},"excerpt":{"rendered":"Le Pr\u00e9sident de la R\u00e9publique, Qais Saeed, a re\u00e7u, cet apr\u00e8s-midi, mardi","protected":false},"author":1,"featured_media":0,"parent":0,"menu_order":0,"comment_status":"closed","ping_status":"closed","template":"","meta":{"footnotes":""},"class_list":["post-115","page","type-page","status-publish","hentry"],"_links":{"self":[{"href":"https:\/\/knoozfm.net\/ar\/wp-json\/wp\/v2\/pages\/115","targetHints":{"allow":["GET"]}}],"collection":[{"href":"https:\/\/knoozfm.net\/ar\/wp-json\/wp\/v2\/pages"}],"about":[{"href":"https:\/\/knoozfm.net\/ar\/wp-json\/wp\/v2\/types\/page"}],"author":[{"embeddable":true,"href":"https:\/\/knoozfm.net\/ar\/wp-json\/wp\/v2\/users\/1"}],"replies":[{"embeddable":true,"href":"https:\/\/knoozfm.net\/ar\/wp-json\/wp\/v2\/comments?post=115"}],"version-history":[{"count":0,"href":"https:\/\/knoozfm.net\/ar\/wp-json\/wp\/v2\/pages\/115\/revisions"}],"wp:attachment":[{"href":"https:\/\/knoozfm.net\/ar\/wp-json\/wp\/v2\/media?parent=115"}],"curies":[{"name":"wp","href":"https:\/\/api.w.org\/{rel}","templated":true}]}}