{"id":3121,"date":"2023-05-19T15:19:32","date_gmt":"2023-05-19T15:19:32","guid":{"rendered":"https:\/\/knoozfm.net\/?page_id=3121"},"modified":"2023-05-22T10:13:09","modified_gmt":"2023-05-22T10:13:09","slug":"hommage","status":"publish","type":"page","link":"https:\/\/knoozfm.net\/ar\/podcasts\/hommage\/","title":{"rendered":"Hommage"},"content":{"rendered":"<div class=\"wpb-content-wrapper\"><div class=\"vc_row wpb_row vc_row-fluid\"><div class=\"wpb_column vc_column_container vc_col-sm-12\"><div class=\"vc_column-inner\"><div class=\"wpb_wrapper\"><div id=\"cz_82035\" class=\"cz_82035 cz_title clr cz_title_pos_inline\"><div class=\"cz_title_content\"><div class=\"cz_wpe_content\"><h3>\u062a\u0643\u0631\u064a\u0645 \u062a\u0643\u0631\u064a\u0645 \u0644\u0631\u0648\u062d \u0627\u0644\u0646\u062f\u0645 \u0627\u0644\u0635\u062d\u0641\u064a \u0648\u0627\u0644\u0645\u0646\u062a\u062c \u0627\u0644\u062a\u0644\u0641\u0632\u064a\u0648\u0646\u064a \u0639\u0628\u062f\u0627\u0644\u0645\u062c\u064a\u062f \u0628\u0646 \u0625\u0633\u0645\u0627\u0639\u064a\u0644<\/h3>\n<\/div><\/div><\/div><div id=\"cz_19308\" class=\"cz_19308 cz-music-player sm2-bar-ui\"><div class=\"bd sm2-main-controls\"><div class=\"sm2-inline-texture\"><\/div><div class=\"sm2-inline-gradient\"><\/div><div class=\"sm2-inline-element sm2-button-element\"><div class=\"sm2-button-bd\"><a href=\"#play\" class=\"sm2-inline-button play-pause\">Play \/ pause<\/a><\/div><\/div><div class=\"sm2-inline-element sm2-inline-status\"><div class=\"sm2-playlist\"><div class=\"sm2-playlist-target\"><noscript><p>JavaScript is required.<\/p><\/noscript><\/div><\/div><div class=\"sm2-progress\"><div class=\"sm2-row\"><div class=\"sm2-inline-time\">0:00<\/div><div class=\"sm2-progress-bd\"><div class=\"sm2-progress-track\"><div class=\"sm2-progress-bar\"><\/div><div class=\"sm2-progress-ball\"><div class=\"icon-overlay\"><\/div><\/div><\/div><\/div><div class=\"sm2-inline-duration\">0:00<\/div><\/div><\/div><\/div><div class=\"sm2-inline-element sm2-button-element sm2-volume\"><div class=\"sm2-button-bd\"><span class=\"sm2-inline-button sm2-volume-control volume-shade\"><\/span><a href=\"#volume\" class=\"sm2-inline-button sm2-volume-control\">volume<\/a><\/div><\/div><\/div><div class=\"bd sm2-playlist-drawer sm2-element\"><div class=\"sm2-inline-texture\"><div class=\"sm2-box-shadow\"><\/div><\/div><div class=\"sm2-playlist-wrapper\"><ul class=\"sm2-playlist-bd\"><li><div class=\"sm2-row\"><div class=\"sm2-col sm2-wide\"><a href=\"http:\/\/knoozfm.net\/wp-content\/uploads\/2023\/05\/\u0641\u0642\u0631\u0629-Hommage-\u062a\u0643\u0631\u064a\u0645-\u0644\u0631\u0648\u062d-\u0627\u0644\u0645\u0631\u062d\u0648\u0645\u060c-\u0627\u0644\u0635\u062d\u0641\u064a-\u0648-\u0645\u0639\u062f-\u0627\u0644\u0628\u0631\u0627\u0645\u062c-\u0627\u0644\u062a\u0644\u0641\u0632\u064a\u0629-\u0639\u0628\u062f-\u0627\u0644\u0645\u062c\u064a\u062f-\u0628\u0646-\u0625\u0633\u0645\u0627\u0639\u064a\u0644-1.mp3\" class=\"exclude button-exclude inline-exclude\">\u062a\u0643\u0631\u064a\u0645 \u062a\u0643\u0631\u064a\u0645 \u0644\u0631\u0648\u062d \u0627\u0644\u0646\u062f\u0645 \u0627\u0644\u0635\u062d\u0641\u064a \u0648\u0627\u0644\u0645\u0646\u062a\u062c \u0627\u0644\u062a\u0644\u0641\u0632\u064a\u0648\u0646\u064a \u0639\u0628\u062f\u0627\u0644\u0645\u062c\u064a\u062f \u0628\u0646 \u0625\u0633\u0645\u0627\u0639\u064a\u0644\u00a0 <span class=\"label\"><\/span><\/a><\/div><\/div><\/li><\/ul><\/div><\/div><\/div><script>\n\n\t\t\t! function( $ ) {\n\n\t\t\t\tif ( $( '.sm2-bar-ui.fixed' ).length ) {\n\t\t\t\t\tsetTimeout(function() {\n\t\t\t\t\t\t$( document.body ).css( 'marginBottom', $( '.sm2-bar-ui.fixed' ).height() );\n\t\t\t\t\t}, 2000 );\n\t\t\t\t}\n\n\t\t\t}( jQuery );\n\n\t\t<\/script><div class=\"cz_gap clr  hide_on_tablet hide_on_mobile\" style=\"height: 50px\"><\/div><div class=\"cz_gap show_on_tablet clr  show_only_tablet\" style=\"height: 25px\"><\/div><div class=\"cz_gap show_on_mobile clr\" style=\"height: 15px\"><\/div><\/div><\/div><\/div><\/div><div class=\"vc_row wpb_row vc_row-fluid\"><div class=\"wpb_column vc_column_container vc_col-sm-12\"><div class=\"vc_column-inner\"><div class=\"wpb_wrapper\"><div id=\"cz_11379\" class=\"cz_11379 cz_title clr cz_title_pos_inline\"><div class=\"cz_title_content\"><div class=\"cz_wpe_content\"><h3>\u0628\u0639\u0636 \u0627\u0644\u0630\u0643\u0631\u064a\u0627\u062a \u0645\u0639 \u0623\u0633\u0637\u0648\u0631\u0629 \u0643\u0631\u0629 \u0627\u0644\u0642\u062f\u0645 \u0627\u0644\u062a\u0648\u0646\u0633\u064a\u0629 \u062d\u0645\u0627\u062f\u064a \u0627\u0644\u0639\u0642\u0631\u0628\u064a<\/h3>\n<\/div><\/div><\/div><div id=\"cz_67450\" class=\"cz_67450 cz-music-player sm2-bar-ui\"><div class=\"bd sm2-main-controls\"><div class=\"sm2-inline-texture\"><\/div><div class=\"sm2-inline-gradient\"><\/div><div class=\"sm2-inline-element sm2-button-element\"><div class=\"sm2-button-bd\"><a href=\"#play\" class=\"sm2-inline-button play-pause\">Play \/ pause<\/a><\/div><\/div><div class=\"sm2-inline-element sm2-inline-status\"><div class=\"sm2-playlist\"><div class=\"sm2-playlist-target\"><noscript><p>JavaScript is required.<\/p><\/noscript><\/div><\/div><div class=\"sm2-progress\"><div class=\"sm2-row\"><div class=\"sm2-inline-time\">0:00<\/div><div class=\"sm2-progress-bd\"><div class=\"sm2-progress-track\"><div class=\"sm2-progress-bar\"><\/div><div class=\"sm2-progress-ball\"><div class=\"icon-overlay\"><\/div><\/div><\/div><\/div><div class=\"sm2-inline-duration\">0:00<\/div><\/div><\/div><\/div><div class=\"sm2-inline-element sm2-button-element sm2-volume\"><div class=\"sm2-button-bd\"><span class=\"sm2-inline-button sm2-volume-control volume-shade\"><\/span><a href=\"#volume\" class=\"sm2-inline-button sm2-volume-control\">volume<\/a><\/div><\/div><\/div><div class=\"bd sm2-playlist-drawer sm2-element\"><div class=\"sm2-inline-texture\"><div class=\"sm2-box-shadow\"><\/div><\/div><div class=\"sm2-playlist-wrapper\"><ul class=\"sm2-playlist-bd\"><li><div class=\"sm2-row\"><div class=\"sm2-col sm2-wide\"><a href=\"http:\/\/knoozfm.net\/wp-content\/uploads\/2023\/05\/\u0641\u0642\u0631\u0629-Hommage-\u062a\u0633\u062a\u0631\u062c\u0639-\u0645\u0639\u0643\u0645-\u0630\u0643\u0631\u064a\u0627\u062a-\u0623\u0633\u0637\u0648\u0631\u0629-\u0627\u0644\u0643\u0631\u0629-\u0627\u0644\u062a\u0648\u0646\u0633\u064a\u0629-\u062d\u0645\u0627\u062f\u064a-\u0627\u0644\u0639\u0642\u0631\u0628\u064a-.mp3\" class=\"exclude button-exclude inline-exclude\">\u0628\u0639\u0636 \u0627\u0644\u0630\u0643\u0631\u064a\u0627\u062a \u0645\u0639 \u0623\u0633\u0637\u0648\u0631\u0629 \u0643\u0631\u0629 \u0627\u0644\u0642\u062f\u0645 \u0627\u0644\u062a\u0648\u0646\u0633\u064a\u0629 \u062d\u0645\u0627\u062f\u064a \u0627\u0644\u0639\u0642\u0631\u0628\u064a <span class=\"label\"><\/span><\/a><\/div><\/div><\/li><\/ul><\/div><\/div><\/div><script>\n\n\t\t\t! function( $ ) {\n\n\t\t\t\tif ( $( '.sm2-bar-ui.fixed' ).length ) {\n\t\t\t\t\tsetTimeout(function() {\n\t\t\t\t\t\t$( document.body ).css( 'marginBottom', $( '.sm2-bar-ui.fixed' ).height() );\n\t\t\t\t\t}, 2000 );\n\t\t\t\t}\n\n\t\t\t}( jQuery );\n\n\t\t<\/script><div class=\"cz_gap clr  hide_on_tablet hide_on_mobile\" style=\"height: 50px\"><\/div><div class=\"cz_gap show_on_tablet clr  show_only_tablet\" style=\"height: 25px\"><\/div><div class=\"cz_gap show_on_mobile clr\" style=\"height: 15px\"><\/div><\/div><\/div><\/div><\/div><div class=\"vc_row wpb_row vc_row-fluid\"><div class=\"wpb_column vc_column_container vc_col-sm-12\"><div class=\"vc_column-inner\"><div class=\"wpb_wrapper\"><div id=\"cz_107971\" class=\"cz_107971 cz_title clr cz_title_pos_inline\"><div class=\"cz_title_content\"><div class=\"cz_wpe_content\"><h3>\u0639\u0648\u062f\u0629 \u0639\u0644\u0649 \u0623\u0647\u0645 \u0627\u0644\u0645\u062d\u0637\u0627\u062a  \u0627\u0644\u0645\u062e\u062a\u0644\u0641\u0629 \u0644\u0644\u0627\u0639\u0628 \u0643\u0631\u0629 \u0627\u0644\u0642\u062f\u0645 \u0627\u0644\u0628\u0631\u0627\u0632\u064a\u0644\u064a \u0627\u0644\u062a\u0648\u0646\u0633\u064a \u062e\u0648\u0633\u064a\u0647 \u0643\u0644\u0627\u064a\u062a\u0648\u0646<\/h3>\n<\/div><\/div><\/div><div id=\"cz_36477\" class=\"cz_36477 cz-music-player sm2-bar-ui\"><div class=\"bd sm2-main-controls\"><div class=\"sm2-inline-texture\"><\/div><div class=\"sm2-inline-gradient\"><\/div><div class=\"sm2-inline-element sm2-button-element\"><div class=\"sm2-button-bd\"><a href=\"#play\" class=\"sm2-inline-button play-pause\">Play \/ pause<\/a><\/div><\/div><div class=\"sm2-inline-element sm2-inline-status\"><div class=\"sm2-playlist\"><div class=\"sm2-playlist-target\"><noscript><p>JavaScript is required.<\/p><\/noscript><\/div><\/div><div class=\"sm2-progress\"><div class=\"sm2-row\"><div class=\"sm2-inline-time\">0:00<\/div><div class=\"sm2-progress-bd\"><div class=\"sm2-progress-track\"><div class=\"sm2-progress-bar\"><\/div><div class=\"sm2-progress-ball\"><div class=\"icon-overlay\"><\/div><\/div><\/div><\/div><div class=\"sm2-inline-duration\">0:00<\/div><\/div><\/div><\/div><div class=\"sm2-inline-element sm2-button-element sm2-volume\"><div class=\"sm2-button-bd\"><span class=\"sm2-inline-button sm2-volume-control volume-shade\"><\/span><a href=\"#volume\" class=\"sm2-inline-button sm2-volume-control\">volume<\/a><\/div><\/div><\/div><div class=\"bd sm2-playlist-drawer sm2-element\"><div class=\"sm2-inline-texture\"><div class=\"sm2-box-shadow\"><\/div><\/div><div class=\"sm2-playlist-wrapper\"><ul class=\"sm2-playlist-bd\"><li><div class=\"sm2-row\"><div class=\"sm2-col sm2-wide\"><a href=\"http:\/\/knoozfm.net\/wp-content\/uploads\/2023\/05\/\u0641\u0642\u0631\u0629-Hommage-\u062a\u0633\u062a\u0631\u062c\u0639-\u0645\u0639\u0643\u0645-\u0623\u0647\u0645-\u0627\u0644\u0645\u062d\u0637\u0627\u062a-\u0641\u064a-\u0645\u0633\u064a\u0631\u0629-\u0627\u0644\u0644\u0627\u0639\u0628-\u0627\u0644\u0628\u0631\u0627\u0632\u064a\u0644\u064a-\u0627\u0644\u062a\u0648\u0646\u0633\u064a-\u062e\u0648\u0633\u064a\u0647-\u0643\u0644\u0627\u064a\u062a\u0648\u0646.mp3\" class=\"exclude button-exclude inline-exclude\">\u0639\u0648\u062f\u0629 \u0639\u0644\u0649 \u0623\u0647\u0645 \u0627\u0644\u0645\u062d\u0637\u0627\u062a  \u0627\u0644\u0645\u062e\u062a\u0644\u0641\u0629 \u0644\u0644\u0627\u0639\u0628 \u0643\u0631\u0629 \u0627\u0644\u0642\u062f\u0645 \u0627\u0644\u0628\u0631\u0627\u0632\u064a\u0644\u064a \u0627\u0644\u062a\u0648\u0646\u0633\u064a \u062e\u0648\u0633\u064a\u0647 \u0643\u0644\u0627\u064a\u062a\u0648\u0646\u00a0 <span class=\"label\"><\/span><\/a><\/div><\/div><\/li><\/ul><\/div><\/div><\/div><script>\n\n\t\t\t! function( $ ) {\n\n\t\t\t\tif ( $( '.sm2-bar-ui.fixed' ).length ) {\n\t\t\t\t\tsetTimeout(function() {\n\t\t\t\t\t\t$( document.body ).css( 'marginBottom', $( '.sm2-bar-ui.fixed' ).height() );\n\t\t\t\t\t}, 2000 );\n\t\t\t\t}\n\n\t\t\t}( jQuery );\n\n\t\t<\/script><div class=\"cz_gap clr  hide_on_tablet hide_on_mobile\" style=\"height: 50px\"><\/div><div class=\"cz_gap show_on_tablet clr  show_only_tablet\" style=\"height: 25px\"><\/div><div class=\"cz_gap show_on_mobile clr\" style=\"height: 15px\"><\/div><\/div><\/div><\/div><\/div><div class=\"vc_row wpb_row vc_row-fluid\"><div class=\"wpb_column vc_column_container vc_col-sm-12\"><div class=\"vc_column-inner\"><div class=\"wpb_wrapper\"><div id=\"cz_39279\" class=\"cz_39279 cz_title clr cz_title_pos_inline\"><div class=\"cz_title_content\"><div class=\"cz_wpe_content\"><h3>\u062a\u0643\u0631\u064a\u0645 \u0644\u0636\u062d\u0627\u064a\u0627 \u062a\u062d\u0637\u0645 \u0627\u0644\u0637\u0627\u0626\u0631\u0629 \u0627\u0644\u0645\u0623\u0633\u0627\u0648\u064a\u0629 \u060c \u0641\u0631\u064a\u0642 \u0634\u0627\u0628\u064a\u0643\u0648\u064a\u0646\u0633\u064a \u0627\u0644\u0628\u0631\u0627\u0632\u064a\u0644\u064a<\/h3>\n<p>&nbsp;<\/p>\n<\/div><\/div><\/div><div id=\"cz_73794\" class=\"cz_73794 cz-music-player sm2-bar-ui\"><div class=\"bd sm2-main-controls\"><div class=\"sm2-inline-texture\"><\/div><div class=\"sm2-inline-gradient\"><\/div><div class=\"sm2-inline-element sm2-button-element\"><div class=\"sm2-button-bd\"><a href=\"#play\" class=\"sm2-inline-button play-pause\">Play \/ pause<\/a><\/div><\/div><div class=\"sm2-inline-element sm2-inline-status\"><div class=\"sm2-playlist\"><div class=\"sm2-playlist-target\"><noscript><p>JavaScript is required.<\/p><\/noscript><\/div><\/div><div class=\"sm2-progress\"><div class=\"sm2-row\"><div class=\"sm2-inline-time\">0:00<\/div><div class=\"sm2-progress-bd\"><div class=\"sm2-progress-track\"><div class=\"sm2-progress-bar\"><\/div><div class=\"sm2-progress-ball\"><div class=\"icon-overlay\"><\/div><\/div><\/div><\/div><div class=\"sm2-inline-duration\">0:00<\/div><\/div><\/div><\/div><div class=\"sm2-inline-element sm2-button-element sm2-volume\"><div class=\"sm2-button-bd\"><span class=\"sm2-inline-button sm2-volume-control volume-shade\"><\/span><a href=\"#volume\" class=\"sm2-inline-button sm2-volume-control\">volume<\/a><\/div><\/div><\/div><div class=\"bd sm2-playlist-drawer sm2-element\"><div class=\"sm2-inline-texture\"><div class=\"sm2-box-shadow\"><\/div><\/div><div class=\"sm2-playlist-wrapper\"><ul class=\"sm2-playlist-bd\"><li><div class=\"sm2-row\"><div class=\"sm2-col sm2-wide\"><a href=\"http:\/\/knoozfm.net\/wp-content\/uploads\/2023\/05\/\u0641\u0642\u0631\u0629-Hommage-\u062a\u0633\u062a\u0631\u062c\u0639-\u0645\u0639\u0643\u0645-\u0623\u0647\u0645-\u0627\u0644\u0645\u062d\u0637\u0627\u062a-\u0641\u064a-\u0645\u0633\u064a\u0631\u0629-\u0627\u0644\u0644\u0627\u0639\u0628-\u0627\u0644\u0628\u0631\u0627\u0632\u064a\u0644\u064a-\u0627\u0644\u062a\u0648\u0646\u0633\u064a-\u062e\u0648\u0633\u064a\u0647-\u0643\u0644\u0627\u064a\u062a\u0648\u0646.mp3\" class=\"exclude button-exclude inline-exclude\">\u062a\u0643\u0631\u064a\u0645 \u0644\u0636\u062d\u0627\u064a\u0627 \u062a\u062d\u0637\u0645 \u0627\u0644\u0637\u0627\u0626\u0631\u0629 \u0627\u0644\u0645\u0623\u0633\u0627\u0648\u064a\u0629 \u060c \u0641\u0631\u064a\u0642 \u0634\u0627\u0628\u064a\u0643\u0648\u064a\u0646\u0633\u064a \u0627\u0644\u0628\u0631\u0627\u0632\u064a\u0644\u064a <span class=\"label\"><\/span><\/a><\/div><\/div><\/li><\/ul><\/div><\/div><\/div><script>\n\n\t\t\t! function( $ ) {\n\n\t\t\t\tif ( $( '.sm2-bar-ui.fixed' ).length ) {\n\t\t\t\t\tsetTimeout(function() {\n\t\t\t\t\t\t$( document.body ).css( 'marginBottom', $( '.sm2-bar-ui.fixed' ).height() );\n\t\t\t\t\t}, 2000 );\n\t\t\t\t}\n\n\t\t\t}( jQuery );\n\n\t\t<\/script><div class=\"cz_gap clr  hide_on_tablet hide_on_mobile\" style=\"height: 50px\"><\/div><div class=\"cz_gap show_on_tablet clr  show_only_tablet\" style=\"height: 25px\"><\/div><div class=\"cz_gap show_on_mobile clr\" style=\"height: 15px\"><\/div><\/div><\/div><\/div><\/div><div class=\"vc_row wpb_row vc_row-fluid\"><div class=\"wpb_column vc_column_container vc_col-sm-12\"><div class=\"vc_column-inner\"><div class=\"wpb_wrapper\"><div id=\"cz_90493\" class=\"cz_90493 cz_title clr cz_title_pos_inline\"><div class=\"cz_title_content\"><div class=\"cz_wpe_content\"><h3>\u062a\u0643\u0631\u064a\u0645 \u0644\u0631\u0648\u062d \u0644\u0627\u0639\u0628 \u0643\u0631\u0629 \u0627\u0644\u0642\u062f\u0645 \u0627\u0644\u0633\u0627\u0628\u0642 \u062d\u0628\u064a\u0628 \u062c\u0648\u0627\u0634\u064a<\/h3>\n<\/div><\/div><\/div><div id=\"cz_80391\" class=\"cz_80391 cz-music-player sm2-bar-ui\"><div class=\"bd sm2-main-controls\"><div class=\"sm2-inline-texture\"><\/div><div class=\"sm2-inline-gradient\"><\/div><div class=\"sm2-inline-element sm2-button-element\"><div class=\"sm2-button-bd\"><a href=\"#play\" class=\"sm2-inline-button play-pause\">Play \/ pause<\/a><\/div><\/div><div class=\"sm2-inline-element sm2-inline-status\"><div class=\"sm2-playlist\"><div class=\"sm2-playlist-target\"><noscript><p>JavaScript is required.<\/p><\/noscript><\/div><\/div><div class=\"sm2-progress\"><div class=\"sm2-row\"><div class=\"sm2-inline-time\">0:00<\/div><div class=\"sm2-progress-bd\"><div class=\"sm2-progress-track\"><div class=\"sm2-progress-bar\"><\/div><div class=\"sm2-progress-ball\"><div class=\"icon-overlay\"><\/div><\/div><\/div><\/div><div class=\"sm2-inline-duration\">0:00<\/div><\/div><\/div><\/div><div class=\"sm2-inline-element sm2-button-element sm2-volume\"><div class=\"sm2-button-bd\"><span class=\"sm2-inline-button sm2-volume-control volume-shade\"><\/span><a href=\"#volume\" class=\"sm2-inline-button sm2-volume-control\">volume<\/a><\/div><\/div><\/div><div class=\"bd sm2-playlist-drawer sm2-element\"><div class=\"sm2-inline-texture\"><div class=\"sm2-box-shadow\"><\/div><\/div><div class=\"sm2-playlist-wrapper\"><ul class=\"sm2-playlist-bd\"><li><div class=\"sm2-row\"><div class=\"sm2-col sm2-wide\"><a href=\"http:\/\/knoozfm.net\/wp-content\/uploads\/2023\/05\/\u0641\u0642\u0631\u0629-Hommage-\u062a\u0643\u0631\u064a\u0645-\u0644\u0631\u0648\u062d-\u0627\u0644\u0641\u0642\u064a\u062f-\u0627\u0644\u062d\u0628\u064a\u0628-\u0627\u0644\u062c\u0648\u0627\u0634\u064a-\u0631\u062d\u0645\u0647-\u0627\u0644\u0644\u0647.mp3\" class=\"exclude button-exclude inline-exclude\">\u062a\u0643\u0631\u064a\u0645 \u0644\u0631\u0648\u062d \u0644\u0627\u0639\u0628 \u0643\u0631\u0629 \u0627\u0644\u0642\u062f\u0645 \u0627\u0644\u0633\u0627\u0628\u0642 \u062d\u0628\u064a\u0628 \u062c\u0648\u0627\u0634\u064a <span class=\"label\"><\/span><\/a><\/div><\/div><\/li><\/ul><\/div><\/div><\/div><script>\n\n\t\t\t! function( $ ) {\n\n\t\t\t\tif ( $( '.sm2-bar-ui.fixed' ).length ) {\n\t\t\t\t\tsetTimeout(function() {\n\t\t\t\t\t\t$( document.body ).css( 'marginBottom', $( '.sm2-bar-ui.fixed' ).height() );\n\t\t\t\t\t}, 2000 );\n\t\t\t\t}\n\n\t\t\t}( jQuery );\n\n\t\t<\/script><div class=\"cz_gap clr  hide_on_tablet hide_on_mobile\" style=\"height: 50px\"><\/div><div class=\"cz_gap show_on_tablet clr  show_only_tablet\" style=\"height: 25px\"><\/div><div class=\"cz_gap show_on_mobile clr\" style=\"height: 15px\"><\/div><\/div><\/div><\/div><\/div>\n<\/div>","protected":false},"excerpt":{"rendered":"Un hommage honorant l'\u00e2me du regrette, le journaliste et le producteur d'\u00e9missions de t\u00e9l\u00e9vision Abdelmajid Ben Isma\u00efl Play \/ pauseJavaScript","protected":false},"author":1,"featured_media":0,"parent":1614,"menu_order":2,"comment_status":"closed","ping_status":"closed","template":"","meta":{"footnotes":""},"class_list":["post-3121","page","type-page","status-publish","hentry"],"_links":{"self":[{"href":"https:\/\/knoozfm.net\/ar\/wp-json\/wp\/v2\/pages\/3121","targetHints":{"allow":["GET"]}}],"collection":[{"href":"https:\/\/knoozfm.net\/ar\/wp-json\/wp\/v2\/pages"}],"about":[{"href":"https:\/\/knoozfm.net\/ar\/wp-json\/wp\/v2\/types\/page"}],"author":[{"embeddable":true,"href":"https:\/\/knoozfm.net\/ar\/wp-json\/wp\/v2\/users\/1"}],"replies":[{"embeddable":true,"href":"https:\/\/knoozfm.net\/ar\/wp-json\/wp\/v2\/comments?post=3121"}],"version-history":[{"count":6,"href":"https:\/\/knoozfm.net\/ar\/wp-json\/wp\/v2\/pages\/3121\/revisions"}],"predecessor-version":[{"id":3164,"href":"https:\/\/knoozfm.net\/ar\/wp-json\/wp\/v2\/pages\/3121\/revisions\/3164"}],"up":[{"embeddable":true,"href":"https:\/\/knoozfm.net\/ar\/wp-json\/wp\/v2\/pages\/1614"}],"wp:attachment":[{"href":"https:\/\/knoozfm.net\/ar\/wp-json\/wp\/v2\/media?parent=3121"}],"curies":[{"name":"wp","href":"https:\/\/api.w.org\/{rel}","templated":true}]}}