{"id":577,"date":"2022-09-21T09:55:21","date_gmt":"2022-09-21T09:55:21","guid":{"rendered":"https:\/\/codevz.com\/sevenmag\/?page_id=577"},"modified":"2023-08-22T17:24:44","modified_gmt":"2023-08-22T17:24:44","slug":"contacts","status":"publish","type":"page","link":"https:\/\/knoozfm.net\/ar\/contacts\/","title":{"rendered":"\u0627\u0644\u0625\u062a\u0635\u0627\u0644 \u0628\u0646\u0627"},"content":{"rendered":"<div class=\"wpb-content-wrapper\"><div class=\"vc_row wpb_row vc_row-fluid\"><div class=\"wpb_column vc_column_container vc_col-sm-6\"><div class=\"vc_column-inner\"><div class=\"wpb_wrapper\"><div class=\"cz_eqh cz_content_box_parent_fx\"><div id=\"cz_48198\" class=\"cz_48198 cz_content_box clr\"><div class=\"cz_box_front clr\"><div class=\"cz_box_front_inner clr\"><span><\/span><div><div id=\"cz_66589\" class=\"cz_66589 cz_title clr cz_title_pos_inline\"><div class=\"cz_title_content\"><div class=\"cz_wpe_content\"><h3>\u0627\u0644\u0625\u062a\u0635\u0627\u0644 \u0628\u0646\u0627<\/h3>\n<p>\u0644\u0627 \u062a\u062a\u0631\u062f\u062f \u0641\u064a \u0627\u0631\u0633\u0627\u0644 \u0631\u0633\u0627\u0644\u062a\u0643<\/p>\n<p>&nbsp;<\/p>\n<\/div><\/div><\/div><div class=\"cz_gap clr\" style=\"height: 40px\"><\/div><div id=\"cz_48889\" class=\"cz_48889 cz_cf7 clr\"><div>\n<div class=\"wpcf7 no-js\" id=\"wpcf7-f677-o1\" lang=\"en-US\" dir=\"ltr\" data-wpcf7-id=\"677\">\n<div class=\"screen-reader-response\"><p role=\"status\" aria-live=\"polite\" aria-atomic=\"true\"><\/p> <ul><\/ul><\/div>\n<form action=\"\/ar\/wp-json\/wp\/v2\/pages\/577#wpcf7-f677-o1\" method=\"post\" class=\"wpcf7-form init\" aria-label=\"Contact form\" novalidate=\"novalidate\" data-status=\"init\" data-trp-original-action=\"\/ar\/wp-json\/wp\/v2\/pages\/577#wpcf7-f677-o1\">\n<fieldset class=\"hidden-fields-container\"><input type=\"hidden\" name=\"_wpcf7\" value=\"677\" \/><input type=\"hidden\" name=\"_wpcf7_version\" value=\"6.1.4\" \/><input type=\"hidden\" name=\"_wpcf7_locale\" value=\"en_US\" \/><input type=\"hidden\" name=\"_wpcf7_unit_tag\" value=\"wpcf7-f677-o1\" \/><input type=\"hidden\" name=\"_wpcf7_container_post\" value=\"0\" \/><input type=\"hidden\" name=\"_wpcf7_posted_data_hash\" value=\"\" \/>\n<\/fieldset>\n<p><label> \u0627\u0644\u0627\u0633\u0645<br \/>\n<span class=\"wpcf7-form-control-wrap\" data-name=\"your-name\"><input size=\"40\" maxlength=\"400\" class=\"wpcf7-form-control wpcf7-text wpcf7-validates-as-required\" aria-required=\"true\" aria-invalid=\"false\" value=\"\" type=\"text\" name=\"your-name\" \/><\/span> <\/label>\n<\/p>\n<p><label> \u0627\u0644\u0628\u0631\u064a\u062f \u0627\u0644\u0625\u0644\u0643\u062a\u0631\u0648\u0646\u064a<br \/>\n<span class=\"wpcf7-form-control-wrap\" data-name=\"your-email\"><input size=\"40\" maxlength=\"400\" class=\"wpcf7-form-control wpcf7-email wpcf7-validates-as-required wpcf7-text wpcf7-validates-as-email\" aria-required=\"true\" aria-invalid=\"false\" value=\"\" type=\"email\" name=\"your-email\" \/><\/span> <\/label>\n<\/p>\n<p><label> \u0627\u0644\u0647\u0627\u062a\u0641<br \/>\n<span class=\"wpcf7-form-control-wrap\" data-name=\"your-subject\"><input size=\"40\" maxlength=\"400\" class=\"wpcf7-form-control wpcf7-text\" aria-invalid=\"false\" value=\"\" type=\"text\" name=\"your-subject\" \/><\/span> <\/label>\n<\/p>\n<p><label> \u0627\u0644\u0645\u0648\u0636\u0648\u0639<br \/>\n<span class=\"wpcf7-form-control-wrap\" data-name=\"your-subject\"><input size=\"40\" maxlength=\"400\" class=\"wpcf7-form-control wpcf7-text\" aria-invalid=\"false\" value=\"\" type=\"text\" name=\"your-subject\" \/><\/span> <\/label>\n<\/p>\n<p><label> Votre message (Facuiltatif)<br \/>\n<span class=\"wpcf7-form-control-wrap\" data-name=\"your-message\"><textarea cols=\"40\" rows=\"10\" maxlength=\"2000\" class=\"wpcf7-form-control wpcf7-textarea wpcf7-validates-as-required\" aria-required=\"true\" aria-invalid=\"false\" name=\"your-message\"><\/textarea><\/span> <\/label>\n<\/p>\n<p><input class=\"wpcf7-form-control wpcf7-submit has-spinner\" type=\"submit\" value=\"Envoyer\" \/>\n<\/p><input type='hidden' class='wpcf7-pum' value='{\"closepopup\":false,\"closedelay\":0,\"openpopup\":false,\"openpopup_id\":0}' \/><div class=\"wpcf7-response-output\" aria-hidden=\"true\"><\/div>\n<input type=\"hidden\" name=\"trp-form-language\" value=\"ar\"\/><\/form>\n<\/div>\n<\/div><\/div><\/div><\/div><\/div><\/div><\/div><\/div><\/div><\/div><div class=\"wpb_column vc_column_container vc_col-sm-6\"><div class=\"vc_column-inner\"><div class=\"wpb_wrapper\"><div class=\"cz_eqh cz_content_box_parent_fx\"><div id=\"cz_81687\" class=\"cz_81687 cz_content_box clr\"><div class=\"cz_box_front clr\"><div class=\"cz_box_front_inner clr\"><span><\/span><div><ul id=\"cz_26568\" class=\"cz_26568 cz_stylish_list clr cz_sl_icon_hover_zoom_in\"><li class=\"clr\"><a href=\"#\" target=\"_blank\"><div class=\"cz_sl_icon\"><i class=\"fas fa-envelope-open mr10\"><\/i><\/div><div><span>\u0627\u0644\u0628\u0631\u064a\u062f \u0627\u0644\u0625\u0644\u0643\u062a\u0631\u0648\u0646\u064a<small>direction@knoozfm.net<\/small><\/span><\/div><\/a><\/li><li class=\"clr\"><a href=\"https:\/\/goo.gl\/maps\/j7otPC1ZhKewPW7w8\" target=\"_blank\"><div class=\"cz_sl_icon\"><i class=\"fa czico-016-map-localization mr10\"><\/i><\/div><div><span>\u0627\u0644\u0645\u0642\u0631 \u0627\u0644\u0631\u0633\u0645\u064a<small>\u0639\u0645\u0627\u0631\u0629 \u0627\u0644\u062d\u0645\u062f \u0633\u0648\u0633\u0629<\/small><\/span><\/div><\/a><\/li><li class=\"clr\"><a href=\"tel:+21633129000\"><div class=\"cz_sl_icon\"><i class=\"fas fa-phone-alt mr10\"><\/i><\/div><div><span>\u0627\u0644\u0647\u0627\u062a\u0641<small>+216 98 613 300<\/small><\/span><\/div><\/a><\/li><li class=\"clr\"><a href=\"https:\/\/knoozfm.net\/ar\/\" target=\"_blank\"><div class=\"cz_sl_icon\"><i class=\"fa czico-115-grid-world mr10\"><\/i><\/div><div><span>\u0627\u0644\u0645\u0648\u0642\u0639 \u0625\u0644\u0643\u062a\u0631\u0648\u0646\u064a<small>knoozfm.net<\/small><\/span><\/div><\/a><\/li><\/ul><\/div><\/div><\/div><\/div><\/div><\/div><\/div><\/div><\/div><div class=\"vc_row wpb_row vc_row-fluid\"><div class=\"wpb_column vc_column_container vc_col-sm-12\"><div class=\"vc_column-inner\"><div class=\"wpb_wrapper\"><div class=\"cz_gap clr\" style=\"height: 100px\"><\/div><\/div><\/div><\/div><\/div><div class=\"vc_row wpb_row vc_row-fluid\"><div class=\"wpb_column vc_column_container vc_col-sm-12\"><div class=\"vc_column-inner\"><div class=\"wpb_wrapper\"><div class=\"wpb_gmaps_widget wpb_content_element\"><div class=\"wpb_wrapper\"><div class=\"wpb_map_wraper\"><iframe src=\"https:\/\/www.google.com\/maps\/embed?pb=!1m18!1m12!1m3!1d3235.0197038520414!2d10.622251812153948!3d35.82399227242707!2m3!1f0!2f0!3f0!3m2!1i1024!2i768!4f13.1!3m3!1m2!1s0x1302757cac5c94b7%3A0x11b447ab4e91df28!2sRadio%20KnOOz%20fm!5e0!3m2!1sfr!2stn!4v1682509120244!5m2!1sfr!2stn\" width=\"600\" height=\"450\" style=\"border:0;\" allowfullscreen=\"\" loading=\"lazy\" referrerpolicy=\"no-referrer-when-downgrade\"><\/iframe><\/div><\/div><\/div><\/div><\/div><\/div><\/div>\n<\/div>","protected":false},"excerpt":{"rendered":"Contactez-nous N'h\u00e9sitez pas \u00e0 envoyer votre message &nbsp; Nom Adresse mail T\u00e9l\u00e9phone Objet Votre message (Facuiltatif) Aresse Emaildirection@knoozfm.netSi\u00e8ge social37, Immeuble","protected":false},"author":1,"featured_media":0,"parent":0,"menu_order":0,"comment_status":"closed","ping_status":"closed","template":"","meta":{"footnotes":""},"class_list":["post-577","page","type-page","status-publish","hentry"],"_links":{"self":[{"href":"https:\/\/knoozfm.net\/ar\/wp-json\/wp\/v2\/pages\/577","targetHints":{"allow":["GET"]}}],"collection":[{"href":"https:\/\/knoozfm.net\/ar\/wp-json\/wp\/v2\/pages"}],"about":[{"href":"https:\/\/knoozfm.net\/ar\/wp-json\/wp\/v2\/types\/page"}],"author":[{"embeddable":true,"href":"https:\/\/knoozfm.net\/ar\/wp-json\/wp\/v2\/users\/1"}],"replies":[{"embeddable":true,"href":"https:\/\/knoozfm.net\/ar\/wp-json\/wp\/v2\/comments?post=577"}],"version-history":[{"count":193,"href":"https:\/\/knoozfm.net\/ar\/wp-json\/wp\/v2\/pages\/577\/revisions"}],"predecessor-version":[{"id":5409,"href":"https:\/\/knoozfm.net\/ar\/wp-json\/wp\/v2\/pages\/577\/revisions\/5409"}],"wp:attachment":[{"href":"https:\/\/knoozfm.net\/ar\/wp-json\/wp\/v2\/media?parent=577"}],"curies":[{"name":"wp","href":"https:\/\/api.w.org\/{rel}","templated":true}]}}